{"id":34409,"date":"2026-02-06T07:32:54","date_gmt":"2026-02-06T06:32:54","guid":{"rendered":"https:\/\/3dvisions.ch\/carrello-2\/"},"modified":"2026-02-06T07:33:05","modified_gmt":"2026-02-06T06:33:05","slug":"carrello-2","status":"publish","type":"page","link":"https:\/\/3dvisions.ch\/it\/carrello-2\/","title":{"rendered":"Carrello"},"content":{"rendered":"\n<div data-block-name=\"woocommerce\/cart\" class=\"wp-block-woocommerce-cart alignwide is-loading\">\n<div data-block-name=\"woocommerce\/filled-cart-block\" class=\"wp-block-woocommerce-filled-cart-block\">\n<div data-block-name=\"woocommerce\/cart-items-block\" class=\"wp-block-woocommerce-cart-items-block\">\n<div data-block-name=\"woocommerce\/cart-line-items-block\" class=\"wp-block-woocommerce-cart-line-items-block\"><\/div>\n\n\n<\/div>\n\n\n\n\n<div data-block-name=\"woocommerce\/cart-totals-block\" class=\"wp-block-woocommerce-cart-totals-block\">\n<div data-block-name=\"woocommerce\/cart-order-summary-block\" class=\"wp-block-woocommerce-cart-order-summary-block\">\n<div data-block-name=\"woocommerce\/cart-order-summary-heading-block\" class=\"wp-block-woocommerce-cart-order-summary-heading-block\"><\/div><div data-block-name=\"woocommerce\/cart-order-summary-coupon-form-block\" class=\"wp-block-woocommerce-cart-order-summary-coupon-form-block\"><\/div><div data-block-name=\"woocommerce\/cart-order-summary-totals-block\" class=\"wp-block-woocommerce-cart-order-summary-totals-block\">\n<div data-block-name=\"woocommerce\/cart-order-summary-subtotal-block\" class=\"wp-block-woocommerce-cart-order-summary-subtotal-block\"><\/div>\n<div data-block-name=\"woocommerce\/cart-order-summary-discount-block\" class=\"wp-block-woocommerce-cart-order-summary-discount-block\"><\/div>\n<div data-block-name=\"woocommerce\/cart-order-summary-fee-block\" class=\"wp-block-woocommerce-cart-order-summary-fee-block\"><\/div>\n<div data-block-name=\"woocommerce\/cart-order-summary-shipping-block\" class=\"wp-block-woocommerce-cart-order-summary-shipping-block\"><\/div>\n<div data-block-name=\"woocommerce\/cart-order-summary-taxes-block\" class=\"wp-block-woocommerce-cart-order-summary-taxes-block\"><\/div><\/div>\n<\/div>\n\n\n\n<div data-block-name=\"woocommerce\/cart-express-payment-block\" class=\"wp-block-woocommerce-cart-express-payment-block\"><\/div>\n\n\n\n<div data-block-name=\"woocommerce\/proceed-to-checkout-block\" class=\"wp-block-woocommerce-proceed-to-checkout-block\"><\/div>\n\n\n\n<div data-block-name=\"woocommerce\/cart-accepted-payment-methods-block\" class=\"wp-block-woocommerce-cart-accepted-payment-methods-block\"><\/div>\n<\/div>\n<\/div>\n\n\n\n<div data-block-name=\"woocommerce\/empty-cart-block\" class=\"wp-block-woocommerce-empty-cart-block\">\n<h2 class=\"wp-block-heading has-text-align-center with-empty-cart-icon wc-block-cart__empty-cart__title\">Il tuo carrello \u00e8 attualmente vuoto!<\/h2>\n\n\n\n<hr class=\"wp-block-separator has-alpha-channel-opacity is-style-dots\"\/>\n\n\n\n<h2 class=\"wp-block-heading has-text-align-center\">Novit\u00e0 in negozio<\/h2>\n\n\n<\/div>\n<\/div>\n","protected":false},"excerpt":{"rendered":"","protected":false},"author":3,"featured_media":0,"parent":0,"menu_order":0,"comment_status":"closed","ping_status":"closed","template":"","meta":{"_et_pb_use_builder":"","_et_pb_old_content":"","_et_gb_content_width":"","footnotes":""},"class_list":["post-34409","page","type-page","status-publish","hentry"],"yoast_head":"<!-- This site is optimized with the Yoast SEO Premium plugin v27.4 (Yoast SEO v27.4) - https:\/\/yoast.com\/product\/yoast-seo-premium-wordpress\/ -->\n<title>Carrello - 3D Visions Designs S\u00e0rl<\/title>\n<meta name=\"robots\" content=\"index, follow, max-snippet:-1, max-image-preview:large, max-video-preview:-1\" \/>\n<link rel=\"canonical\" href=\"https:\/\/3dvisions.ch\/it\/carrello-2\/\" \/>\n<meta property=\"og:locale\" content=\"it_IT\" \/>\n<meta property=\"og:type\" content=\"article\" \/>\n<meta property=\"og:title\" content=\"Carrello\" \/>\n<meta property=\"og:url\" content=\"https:\/\/3dvisions.ch\/it\/carrello-2\/\" \/>\n<meta property=\"og:site_name\" content=\"3D Visions Designs S\u00e0rl\" \/>\n<meta property=\"article:publisher\" content=\"https:\/\/www.facebook.com\/3dddvisions\/?modal=admin_todo_tour\" \/>\n<meta property=\"article:modified_time\" content=\"2026-02-06T06:33:05+00:00\" \/>\n<meta property=\"og:image\" content=\"https:\/\/3dvisions.ch\/wp-content\/uploads\/2026\/02\/logo-3d-Vision-Web-1080-noir.webp\" \/>\n\t<meta property=\"og:image:width\" content=\"789\" \/>\n\t<meta property=\"og:image:height\" content=\"213\" \/>\n\t<meta property=\"og:image:type\" content=\"image\/webp\" \/>\n<meta name=\"twitter:card\" content=\"summary_large_image\" \/>\n<script type=\"application\/ld+json\" class=\"yoast-schema-graph\">{\"@context\":\"https:\\\/\\\/schema.org\",\"@graph\":[{\"@type\":\"WebPage\",\"@id\":\"https:\\\/\\\/3dvisions.ch\\\/it\\\/carrello-2\\\/\",\"url\":\"https:\\\/\\\/3dvisions.ch\\\/it\\\/carrello-2\\\/\",\"name\":\"Carrello - 3D Visions Designs S\u00e0rl\",\"isPartOf\":{\"@id\":\"https:\\\/\\\/3dvisions.ch\\\/it\\\/#website\"},\"datePublished\":\"2026-02-06T06:32:54+00:00\",\"dateModified\":\"2026-02-06T06:33:05+00:00\",\"breadcrumb\":{\"@id\":\"https:\\\/\\\/3dvisions.ch\\\/it\\\/carrello-2\\\/#breadcrumb\"},\"inLanguage\":\"it-IT\",\"potentialAction\":[{\"@type\":\"ReadAction\",\"target\":[\"https:\\\/\\\/3dvisions.ch\\\/it\\\/carrello-2\\\/\"]}]},{\"@type\":\"BreadcrumbList\",\"@id\":\"https:\\\/\\\/3dvisions.ch\\\/it\\\/carrello-2\\\/#breadcrumb\",\"itemListElement\":[{\"@type\":\"ListItem\",\"position\":1,\"name\":\"Accueil\",\"item\":\"https:\\\/\\\/3dvisions.ch\\\/it\\\/home\\\/\"},{\"@type\":\"ListItem\",\"position\":2,\"name\":\"Carrello\"}]},{\"@type\":\"WebSite\",\"@id\":\"https:\\\/\\\/3dvisions.ch\\\/it\\\/#website\",\"url\":\"https:\\\/\\\/3dvisions.ch\\\/it\\\/\",\"name\":\"3D Visions Designs\",\"description\":\"Relev\u00e9s de pr\u00e9cision par drone et scanner laser, mod\u00e9lisation 3D pour l&#039;architecture, l&#039;ing\u00e9nierie, l&#039;urbanisme et les monuments historiques.\",\"publisher\":{\"@id\":\"https:\\\/\\\/3dvisions.ch\\\/it\\\/#organization\"},\"alternateName\":\"3D Vision\",\"potentialAction\":[{\"@type\":\"SearchAction\",\"target\":{\"@type\":\"EntryPoint\",\"urlTemplate\":\"https:\\\/\\\/3dvisions.ch\\\/it\\\/?s={search_term_string}\"},\"query-input\":{\"@type\":\"PropertyValueSpecification\",\"valueRequired\":true,\"valueName\":\"search_term_string\"}}],\"inLanguage\":\"it-IT\"},{\"@type\":\"Organization\",\"@id\":\"https:\\\/\\\/3dvisions.ch\\\/it\\\/#organization\",\"name\":\"3D Visions Designs\",\"alternateName\":\"3D Vision\",\"url\":\"https:\\\/\\\/3dvisions.ch\\\/it\\\/\",\"logo\":{\"@type\":\"ImageObject\",\"inLanguage\":\"it-IT\",\"@id\":\"https:\\\/\\\/3dvisions.ch\\\/it\\\/#\\\/schema\\\/logo\\\/image\\\/\",\"url\":\"https:\\\/\\\/3dvisions.ch\\\/wp-content\\\/uploads\\\/2026\\\/02\\\/logo-3d-Vision-Web-1080-noir.webp\",\"contentUrl\":\"https:\\\/\\\/3dvisions.ch\\\/wp-content\\\/uploads\\\/2026\\\/02\\\/logo-3d-Vision-Web-1080-noir.webp\",\"width\":789,\"height\":213,\"caption\":\"3D Visions Designs\"},\"image\":{\"@id\":\"https:\\\/\\\/3dvisions.ch\\\/it\\\/#\\\/schema\\\/logo\\\/image\\\/\"},\"sameAs\":[\"https:\\\/\\\/www.facebook.com\\\/3dddvisions\\\/?modal=admin_todo_tour\",\"https:\\\/\\\/www.linkedin.com\\\/company\\\/3d-visions-designs\",\"https:\\\/\\\/www.instagram.com\\\/3dddvisionsinsta\\\/\",\"https:\\\/\\\/www.youtube.com\\\/@3dvisionsdesigns\",\"https:\\\/\\\/sketchfab.com\\\/3DVisionsDesigns\"],\"description\":\"3D Visions Designs S\u00e0rl est une entreprise sp\u00e9cialis\u00e9e dans les relev\u00e9s topographiques 3D de pr\u00e9cision, la photogramm\u00e9trie a\u00e9rienne et terrestre par drone, la mod\u00e9lisation 3D de b\u00e2timents, d\u2019ouvrages d\u2019art, de terrains et d\u2019objets, le scanning laser 3D, les inspections a\u00e9riennes, l'imagerie thermique, la vectorisation de plans 2D et 3D pour l\u2019architecture et la construction ainsi que la mod\u00e9lisation 3D BIM aux normes IFC, la prise de vue photo et vid\u00e9o a\u00e9riennes par drones professionnels, la fabrication de maquettes d'urbanismes et d'architecture et l'impression 3D Couleur. Nous sommes actifs partout en Suisse et en Europe.\",\"email\":\"info@3dvisions.ch\",\"telephone\":\"+41792796442\",\"legalName\":\"3D Visions Designs S\u00e0rl\",\"foundingDate\":\"2022-02-17\",\"vatID\":\"CHE-163.963.784\",\"numberOfEmployees\":{\"@type\":\"QuantitativeValue\",\"minValue\":\"1\",\"maxValue\":\"10\"}}]}<\/script>\n<!-- \/ Yoast SEO Premium plugin. -->","yoast_head_json":{"title":"Carrello - 3D Visions Designs S\u00e0rl","robots":{"index":"index","follow":"follow","max-snippet":"max-snippet:-1","max-image-preview":"max-image-preview:large","max-video-preview":"max-video-preview:-1"},"canonical":"https:\/\/3dvisions.ch\/it\/carrello-2\/","og_locale":"it_IT","og_type":"article","og_title":"Carrello","og_url":"https:\/\/3dvisions.ch\/it\/carrello-2\/","og_site_name":"3D Visions Designs S\u00e0rl","article_publisher":"https:\/\/www.facebook.com\/3dddvisions\/?modal=admin_todo_tour","article_modified_time":"2026-02-06T06:33:05+00:00","og_image":[{"width":789,"height":213,"url":"https:\/\/3dvisions.ch\/wp-content\/uploads\/2026\/02\/logo-3d-Vision-Web-1080-noir.webp","type":"image\/webp"}],"twitter_card":"summary_large_image","schema":{"@context":"https:\/\/schema.org","@graph":[{"@type":"WebPage","@id":"https:\/\/3dvisions.ch\/it\/carrello-2\/","url":"https:\/\/3dvisions.ch\/it\/carrello-2\/","name":"Carrello - 3D Visions Designs S\u00e0rl","isPartOf":{"@id":"https:\/\/3dvisions.ch\/it\/#website"},"datePublished":"2026-02-06T06:32:54+00:00","dateModified":"2026-02-06T06:33:05+00:00","breadcrumb":{"@id":"https:\/\/3dvisions.ch\/it\/carrello-2\/#breadcrumb"},"inLanguage":"it-IT","potentialAction":[{"@type":"ReadAction","target":["https:\/\/3dvisions.ch\/it\/carrello-2\/"]}]},{"@type":"BreadcrumbList","@id":"https:\/\/3dvisions.ch\/it\/carrello-2\/#breadcrumb","itemListElement":[{"@type":"ListItem","position":1,"name":"Accueil","item":"https:\/\/3dvisions.ch\/it\/home\/"},{"@type":"ListItem","position":2,"name":"Carrello"}]},{"@type":"WebSite","@id":"https:\/\/3dvisions.ch\/it\/#website","url":"https:\/\/3dvisions.ch\/it\/","name":"3D Visions Designs","description":"Relev\u00e9s de pr\u00e9cision par drone et scanner laser, mod\u00e9lisation 3D pour l&#039;architecture, l&#039;ing\u00e9nierie, l&#039;urbanisme et les monuments historiques.","publisher":{"@id":"https:\/\/3dvisions.ch\/it\/#organization"},"alternateName":"3D Vision","potentialAction":[{"@type":"SearchAction","target":{"@type":"EntryPoint","urlTemplate":"https:\/\/3dvisions.ch\/it\/?s={search_term_string}"},"query-input":{"@type":"PropertyValueSpecification","valueRequired":true,"valueName":"search_term_string"}}],"inLanguage":"it-IT"},{"@type":"Organization","@id":"https:\/\/3dvisions.ch\/it\/#organization","name":"3D Visions Designs","alternateName":"3D Vision","url":"https:\/\/3dvisions.ch\/it\/","logo":{"@type":"ImageObject","inLanguage":"it-IT","@id":"https:\/\/3dvisions.ch\/it\/#\/schema\/logo\/image\/","url":"https:\/\/3dvisions.ch\/wp-content\/uploads\/2026\/02\/logo-3d-Vision-Web-1080-noir.webp","contentUrl":"https:\/\/3dvisions.ch\/wp-content\/uploads\/2026\/02\/logo-3d-Vision-Web-1080-noir.webp","width":789,"height":213,"caption":"3D Visions Designs"},"image":{"@id":"https:\/\/3dvisions.ch\/it\/#\/schema\/logo\/image\/"},"sameAs":["https:\/\/www.facebook.com\/3dddvisions\/?modal=admin_todo_tour","https:\/\/www.linkedin.com\/company\/3d-visions-designs","https:\/\/www.instagram.com\/3dddvisionsinsta\/","https:\/\/www.youtube.com\/@3dvisionsdesigns","https:\/\/sketchfab.com\/3DVisionsDesigns"],"description":"3D Visions Designs S\u00e0rl est une entreprise sp\u00e9cialis\u00e9e dans les relev\u00e9s topographiques 3D de pr\u00e9cision, la photogramm\u00e9trie a\u00e9rienne et terrestre par drone, la mod\u00e9lisation 3D de b\u00e2timents, d\u2019ouvrages d\u2019art, de terrains et d\u2019objets, le scanning laser 3D, les inspections a\u00e9riennes, l'imagerie thermique, la vectorisation de plans 2D et 3D pour l\u2019architecture et la construction ainsi que la mod\u00e9lisation 3D BIM aux normes IFC, la prise de vue photo et vid\u00e9o a\u00e9riennes par drones professionnels, la fabrication de maquettes d'urbanismes et d'architecture et l'impression 3D Couleur. Nous sommes actifs partout en Suisse et en Europe.","email":"info@3dvisions.ch","telephone":"+41792796442","legalName":"3D Visions Designs S\u00e0rl","foundingDate":"2022-02-17","vatID":"CHE-163.963.784","numberOfEmployees":{"@type":"QuantitativeValue","minValue":"1","maxValue":"10"}}]}},"_links":{"self":[{"href":"https:\/\/3dvisions.ch\/it\/wp-json\/wp\/v2\/pages\/34409","targetHints":{"allow":["GET"]}}],"collection":[{"href":"https:\/\/3dvisions.ch\/it\/wp-json\/wp\/v2\/pages"}],"about":[{"href":"https:\/\/3dvisions.ch\/it\/wp-json\/wp\/v2\/types\/page"}],"author":[{"embeddable":true,"href":"https:\/\/3dvisions.ch\/it\/wp-json\/wp\/v2\/users\/3"}],"replies":[{"embeddable":true,"href":"https:\/\/3dvisions.ch\/it\/wp-json\/wp\/v2\/comments?post=34409"}],"version-history":[{"count":0,"href":"https:\/\/3dvisions.ch\/it\/wp-json\/wp\/v2\/pages\/34409\/revisions"}],"wp:attachment":[{"href":"https:\/\/3dvisions.ch\/it\/wp-json\/wp\/v2\/media?parent=34409"}],"curies":[{"name":"wp","href":"https:\/\/api.w.org\/{rel}","templated":true}]}}