{"id":33338,"date":"2022-11-04T15:52:32","date_gmt":"2022-11-04T14:52:32","guid":{"rendered":"https:\/\/3dvisions.ch\/ingegneria\/"},"modified":"2026-01-29T15:54:00","modified_gmt":"2026-01-29T14:54:00","slug":"ingegneria","status":"publish","type":"page","link":"https:\/\/3dvisions.ch\/it\/ingegneria\/","title":{"rendered":"Ingegneria"},"content":{"rendered":"<p>[et_pb_section fb_built=&#8221;1&#8243; custom_padding_last_edited=&#8221;on|desktop&#8221; admin_label=&#8221;section&#8221; module_id=&#8221;Chi siamo&#8221; _builder_version=&#8221;4.27.4&#8243; background_color=&#8221;#25245e&#8221; background_enable_image=&#8221;off&#8221; min_height=&#8221;300px&#8221; custom_padding=&#8221;0px|0px|0px|0px||&#8221; custom_padding_tablet=&#8221;&#8221; custom_padding_phone=&#8221;&#8221; transparent_background=&#8221;off&#8221; collapsed=&#8221;off&#8221; global_colors_info=&#8221;{}&#8221;][et_pb_row _builder_version=&#8221;4.20.0&#8243; custom_margin=&#8221;1px||||false|false&#8221; custom_padding=&#8221;45px||||false|false&#8221; global_colors_info=&#8221;{}&#8221;][et_pb_column type=&#8221;4_4&#8243; _builder_version=&#8221;4.16&#8243; custom_padding=&#8221;|||&#8221; global_colors_info=&#8221;{}&#8221; custom_padding__hover=&#8221;|||&#8221;][et_pb_text _builder_version=&#8221;4.27.4&#8243; header_text_align=&#8221;justify&#8221; header_font_size=&#8221;50px&#8221; header_line_height=&#8221;1.2em&#8221; background_layout=&#8221;dark&#8221; width=&#8221;100%&#8221; module_alignment=&#8221;center&#8221; header_font_size_tablet=&#8221;35px&#8221; header_font_size_phone=&#8221;35px&#8221; header_font_size_last_edited=&#8221;on|tablet&#8221; text_text_shadow_style=&#8221;preset1&#8243; header_text_shadow_style=&#8221;preset1&#8243; inline_fonts=&#8221;Arial&#8221; global_colors_info=&#8221;{}&#8221;]<\/p>\n<h1>Rilievi topografici 3D di precisione con drone e scanner laser (Lidar), cartografia, ortofoto e realizzazione di gemelli digitali 3D ultra dettagliati.<\/h1>\n<p>[\/et_pb_text][et_pb_text _builder_version=&#8221;4.27.4&#8243; header_text_align=&#8221;justify&#8221; header_font_size=&#8221;50px&#8221; header_line_height=&#8221;1.2em&#8221; background_layout=&#8221;dark&#8221; width=&#8221;100%&#8221; module_alignment=&#8221;center&#8221; header_font_size_tablet=&#8221;35px&#8221; header_font_size_phone=&#8221;35px&#8221; header_font_size_last_edited=&#8221;on|tablet&#8221; text_text_shadow_style=&#8221;preset1&#8243; header_text_shadow_style=&#8221;preset1&#8243; inline_fonts=&#8221;Arial&#8221; global_colors_info=&#8221;{}&#8221;]<\/p>\n<h2>Ingegneria, geomatica, urbanistica e sistemi di informazione geografica (GIS).<\/h2>\n<p>[\/et_pb_text][\/et_pb_column][\/et_pb_row][\/et_pb_section][et_pb_section fb_built=&#8221;1&#8243; _builder_version=&#8221;4.16&#8243; custom_padding=&#8221;2px|||||&#8221; global_colors_info=&#8221;{}&#8221;][et_pb_row column_structure=&#8221;1_2,1_2&#8243; _builder_version=&#8221;4.20.0&#8243; custom_margin=&#8221;1px|auto|-2px|auto|false|false&#8221; custom_padding=&#8221;45px||0px||false|false&#8221; global_colors_info=&#8221;{}&#8221;][et_pb_column type=&#8221;1_2&#8243; _builder_version=&#8221;4.16&#8243; custom_padding=&#8221;|||&#8221; global_colors_info=&#8221;{}&#8221; custom_padding__hover=&#8221;|||&#8221;][et_pb_text _builder_version=&#8221;4.27.4&#8243; _module_preset=&#8221;default&#8221; global_colors_info=&#8221;{}&#8221;]<\/p>\n<ul>\n<li>\n<h4><span style=\"color: #000000;\">Fotogrammetria aerea con drone e tecniche di misurazione tradizionali, teodolite, GNSS RTK. <\/span><\/h4>\n<\/li>\n<li>\n<h4><span style=\"color: #000000;\">Cartografia 3D e rilievi topografici di precisione.<\/span><\/h4>\n<\/li>\n<li>\n<h4><span style=\"color: #000000;\">Realizzazione di gemelli digitali 3D ultra dettagliati su scala di citt\u00e0 e comuni.<\/span><\/h4>\n<\/li>\n<li>\n<h4><span style=\"color: #000000;\">Siamo specializzati e certificati per i rilievi in ambienti urbani.<\/span><\/h4>\n<\/li>\n<li>\n<h4><span style=\"color: #000000;\">Elaborazione di Ortofoto Vere su larga scala.<\/span><\/h4>\n<\/li>\n<li>\n<h4><span style=\"color: #000000;\">Planimetrie topografiche, curve di livello. Scale da 1\/10 a 1\/100000. <\/span><\/h4>\n<\/li>\n<li>\n<h4><span style=\"color: #000000;\">Misurazioni di precisione, monitoraggio di muri, roccia, ponti, opere d&#8217;arte.<\/span><\/h4>\n<\/li>\n<li>\n<h4><span style=\"color: #000000;\">Monitoraggio di grandi superfici, montagne, pareti rocciose, dighe, ghiacciai.<\/span><span style=\"color: #000000;\"><\/span><\/h4>\n<\/li>\n<\/ul>\n<p>[\/et_pb_text][\/et_pb_column][et_pb_column type=&#8221;1_2&#8243; _builder_version=&#8221;4.19.0&#8243; _module_preset=&#8221;default&#8221; global_colors_info=&#8221;{}&#8221;][et_pb_text _builder_version=&#8221;4.27.4&#8243; _module_preset=&#8221;default&#8221; global_colors_info=&#8221;{}&#8221;]<\/p>\n<ul>\n<li>\n<h4><span style=\"color: #000000;\">Impianto di edifici e strade.<\/span><\/h4>\n<\/li>\n<li>\n<h4><span style=\"color: #000000;\">Modelli digitali del terreno (MDT) e di superficie (MNS), profili, sezioni.<\/span><\/h4>\n<\/li>\n<li>\n<h4><span style=\"color: #000000;\">Calcoli volumetrici, scavi, terra movimentata, depositi di materiale.<\/span><\/h4>\n<\/li>\n<li>\n<h4><span style=\"color: #000000;\">Catasto dell&#8217;illuminazione pubblica, rilievo fotogrammetrico notturno, ortofoto notturna, analisi e simulazioni.<\/span><\/h4>\n<\/li>\n<li>\n<h4><span style=\"color: #000000;\">Rilievi stradali e autostradali ad alta risoluzione (0.5 cm\/pixel), precisione assoluta 1.5 cm.<\/span><\/h4>\n<\/li>\n<li>\n<h4><span style=\"color: #000000;\">Misurazioni e analisi termografiche. Isolamento degli edifici, monitoraggio di impianti solari. <\/span><\/h4>\n<\/li>\n<li>\n<h4><span style=\"color: #000000;\">Sistemi di informazione geografica (GIS), specialista QGIS open source.<\/span><\/h4>\n<\/li>\n<li>\n<h4><span style=\"color: #000000;\">Gestione, hosting e diffusione di grandi volumi di dati.<\/span><\/h4>\n<\/li>\n<\/ul>\n<p>[\/et_pb_text][\/et_pb_column][\/et_pb_row][et_pb_row _builder_version=&#8221;4.20.0&#8243; global_colors_info=&#8221;{}&#8221;][et_pb_column type=&#8221;4_4&#8243; _builder_version=&#8221;4.16&#8243; global_colors_info=&#8221;{}&#8221;][et_pb_gallery gallery_ids=&#8221;33637,33638,33639,33640,33641,33642,33643,33644&#8243; posts_number=&#8221;8&#8243; _builder_version=&#8221;4.27.4&#8243; _module_preset=&#8221;default&#8221; global_colors_info=&#8221;{}&#8221;][\/et_pb_gallery][\/et_pb_column][\/et_pb_row][et_pb_row use_custom_gutter=&#8221;on&#8221; make_equal=&#8221;on&#8221; module_class=&#8221; et_pb_row_fullwidth&#8221; _builder_version=&#8221;4.20.0&#8243; width_tablet=&#8221;80%&#8221; width_phone=&#8221;&#8221; width_last_edited=&#8221;on|desktop&#8221; max_width_tablet=&#8221;80%&#8221; max_width_phone=&#8221;&#8221; max_width_last_edited=&#8221;on|desktop&#8221; custom_padding=&#8221;1px|||||&#8221; make_fullwidth=&#8221;on&#8221; global_colors_info=&#8221;{}&#8221;][et_pb_column type=&#8221;4_4&#8243; _builder_version=&#8221;4.16&#8243; custom_padding=&#8221;|||&#8221; global_colors_info=&#8221;{}&#8221; custom_padding__hover=&#8221;|||&#8221;][et_pb_text _builder_version=&#8221;4.27.4&#8243; text_font=&#8221;||||||||&#8221; header_font=&#8221;||||||||&#8221; custom_margin=&#8221;||-3px|||&#8221; custom_padding=&#8221;||14px|||&#8221; global_colors_info=&#8221;{}&#8221;]<\/p>\n<h3 jstcache=\"59\" class=\"DUwDvf fontHeadlineLarge\" jsan=\"7.DUwDvf,7.fontHeadlineLarge\"><span jstcache=\"61\">Modello 3D, ortofoto e modello numerico del terreno di un comune. <\/span><\/h3>\n<p>[\/et_pb_text][et_pb_code module_id=&#8221;ferme&#8221; module_class=&#8221;ferme&#8221; _builder_version=&#8221;4.27.3&#8243; custom_margin=&#8221;||0px|||&#8221; custom_padding=&#8221;||53px|||&#8221; global_colors_info=&#8221;{}&#8221;]<iframe frameborder=\"0\" width=\"3840\" height=\"800\" loading=\"lazy\" style=\"background:white\" allowfullscreen=\"\" src=\"https:\/\/3dvisions.nira.app\/a\/BE-wAkDKQSCdGNMrEQIE2w\/5\"><\/iframe>[\/et_pb_code][et_pb_text _builder_version=&#8221;4.27.4&#8243; text_font=&#8221;||||||||&#8221; header_font=&#8221;||||||||&#8221; custom_margin=&#8221;||1px|||&#8221; hover_enabled=&#8221;0&#8243; global_colors_info=&#8221;{}&#8221; sticky_enabled=&#8221;0&#8243;]<\/p>\n<h4>Guida all&#8217;uso del visualizzatore 3D.<\/h4>\n<ul>\n<li>Funzioni di misurazione di distanza, perimetro, superficie, volume, altitudine, dislivello e pendenza cliccando sull&#8217;icona <img loading=\"lazy\" decoding=\"async\" src=\"https:\/\/3dvisions.ch\/wp-content\/uploads\/2024\/04\/Mesures_Nira-e1714132630594.png\" width=\"22\" height=\"17\" alt=\"Misurazioni_Nira\" class=\"wp-image-31886 size-full\">.<\/li>\n<li>Possibilit\u00e0 di aggiungere annotazioni, immagini, link, descrizione di difetti, monitoraggio degli interventi, vista su punti di interesse o altre osservazioni cliccando sull&#8217;icona <img loading=\"lazy\" decoding=\"async\" src=\"https:\/\/3dvisions.ch\/wp-content\/uploads\/2024\/10\/Callout.jpg\" width=\"13\" height=\"17\" alt=\"Callout\" class=\"wp-image-32038 size-full\">.<\/li>\n<li>Visualizzazione dei livelli, delle misurazioni e delle annotazioni <img loading=\"lazy\" decoding=\"async\" src=\"https:\/\/3dvisions.ch\/wp-content\/uploads\/2024\/11\/Layers.jpg\" width=\"21\" height=\"19\" alt=\"Livelli\" class=\"wp-image-32089 size-full\">.<\/li>\n<li>Visualizzazione delle ortofoto e del modello di elevazione digitale, icona <img loading=\"lazy\" decoding=\"async\" src=\"https:\/\/3dvisions.ch\/wp-content\/uploads\/2024\/04\/2D-e1714153729682-300x178.png\" width=\"23\" height=\"14\" alt=\"\" class=\"wp-image-31924 alignnone size-medium\">.<\/li>\n<li>Descrizione delle scorciatoie da tastiera e delle funzioni di navigazione cliccando sull&#8217;icona \u201cHelp\u201d.<\/li>\n<\/ul>\n<p>[\/et_pb_text][\/et_pb_column][\/et_pb_row][\/et_pb_section][et_pb_section fb_built=&#8221;1&#8243; admin_label=&#8221;section&#8221; module_id=&#8221;Team&#8221; _builder_version=&#8221;4.16&#8243; custom_padding=&#8221;0px|0px|30px|0px&#8221; transparent_background=&#8221;off&#8221; global_colors_info=&#8221;{}&#8221;][et_pb_row custom_padding_last_edited=&#8221;on|phone&#8221; admin_label=&#8221;Riga&#8221; _builder_version=&#8221;4.20.0&#8243; background_size=&#8221;initial&#8221; background_position=&#8221;top_left&#8221; background_repeat=&#8221;repeat&#8221; module_alignment=&#8221;center&#8221; custom_padding=&#8221;39px|180px|0px|180px||&#8221; custom_padding_tablet=&#8221;100px|100px|0px|100px&#8221; custom_padding_phone=&#8221;100px|20px|0px|20px&#8221; global_colors_info=&#8221;{}&#8221;][et_pb_column type=&#8221;4_4&#8243; _builder_version=&#8221;4.16&#8243; custom_padding=&#8221;|||&#8221; global_colors_info=&#8221;{}&#8221; custom_padding__hover=&#8221;|||&#8221;][et_pb_button button_url=&#8221;https:\/\/3dvisions.ch\/it\/contatti\/&#8221; button_text=&#8221;CONTATTACI&#8221; button_alignment=&#8221;center&#8221; admin_label=&#8221;Button&#8221; _builder_version=&#8221;4.19.0&#8243; button_letter_spacing_hover=&#8221;0&#8243; global_colors_info=&#8221;{}&#8221; button_text_size__hover_enabled=&#8221;off&#8221; button_one_text_size__hover_enabled=&#8221;off&#8221; button_two_text_size__hover_enabled=&#8221;off&#8221; button_text_color__hover_enabled=&#8221;off&#8221; button_one_text_color__hover_enabled=&#8221;off&#8221; button_two_text_color__hover_enabled=&#8221;off&#8221; button_border_width__hover_enabled=&#8221;off&#8221; button_one_border_width__hover_enabled=&#8221;off&#8221; button_two_border_width__hover_enabled=&#8221;off&#8221; button_border_color__hover_enabled=&#8221;off&#8221; button_one_border_color__hover_enabled=&#8221;off&#8221; button_two_border_color__hover_enabled=&#8221;off&#8221; button_border_radius__hover_enabled=&#8221;off&#8221; button_one_border_radius__hover_enabled=&#8221;off&#8221; button_two_border_radius__hover_enabled=&#8221;off&#8221; button_letter_spacing__hover_enabled=&#8221;on&#8221; button_letter_spacing__hover=&#8221;0&#8243; button_one_letter_spacing__hover_enabled=&#8221;off&#8221; button_two_letter_spacing__hover_enabled=&#8221;off&#8221; button_bg_color__hover_enabled=&#8221;off&#8221; button_one_bg_color__hover_enabled=&#8221;off&#8221; button_two_bg_color__hover_enabled=&#8221;off&#8221;][\/et_pb_button][\/et_pb_column][\/et_pb_row][\/et_pb_section]<\/p>\n","protected":false},"excerpt":{"rendered":"<p>Rilievi topografici 3D di precisione con drone e scanner laser (Lidar), cartografia, ortofoto e realizzazione di gemelli digitali 3D ultra dettagliati.Ingegneria, geomatica, urbanistica e sistemi di informazione geografica (GIS). Fotogrammetria aerea con drone e tecniche di misurazione tradizionali, teodolite, GNSS RTK. Cartografia 3D e rilievi topografici di precisione. Realizzazione di gemelli digitali 3D ultra dettagliati [&hellip;]<\/p>\n","protected":false},"author":3,"featured_media":0,"parent":0,"menu_order":2,"comment_status":"closed","ping_status":"closed","template":"","meta":{"_et_pb_use_builder":"on","_et_pb_old_content":"","_et_gb_content_width":"","footnotes":""},"class_list":["post-33338","page","type-page","status-publish","hentry"],"yoast_head":"<!-- This site is optimized with the Yoast SEO Premium plugin v27.3 (Yoast SEO v27.3) - https:\/\/yoast.com\/product\/yoast-seo-premium-wordpress\/ -->\n<title>Rilievi topografici 3D di precisione con drone e scanner laser<\/title>\n<meta name=\"description\" content=\"Rilievi topografici 3D di precisione con drone e scanner laser, gemelli digitali 3D ultra dettagliati, ingegneria, urbanistica &amp; geomatica.\" \/>\n<meta name=\"robots\" content=\"index, follow, max-snippet:-1, max-image-preview:large, max-video-preview:-1\" \/>\n<link rel=\"canonical\" href=\"https:\/\/3dvisions.ch\/it\/ingegneria\/\" \/>\n<meta property=\"og:locale\" content=\"it_IT\" \/>\n<meta property=\"og:type\" content=\"article\" \/>\n<meta property=\"og:title\" content=\"Ingegneria\" \/>\n<meta property=\"og:description\" content=\"Rilievi topografici 3D di precisione con drone e scanner laser, gemelli digitali 3D ultra dettagliati, ingegneria, urbanistica &amp; geomatica.\" \/>\n<meta property=\"og:url\" content=\"https:\/\/3dvisions.ch\/it\/ingegneria\/\" \/>\n<meta property=\"og:site_name\" content=\"3D Visions Designs S\u00e0rl\" \/>\n<meta property=\"article:publisher\" content=\"https:\/\/www.facebook.com\/3dddvisions\/?modal=admin_todo_tour\" \/>\n<meta property=\"article:modified_time\" content=\"2026-01-29T14:54:00+00:00\" \/>\n<meta property=\"og:image\" content=\"https:\/\/3dvisions.ch\/wp-content\/uploads\/2022\/11\/cropped-cropped-3DD_600x500-300x300.webp\" \/>\n<meta name=\"twitter:card\" content=\"summary_large_image\" \/>\n<meta name=\"twitter:label1\" content=\"Tempo di lettura stimato\" \/>\n\t<meta name=\"twitter:data1\" content=\"5 minuto\" \/>\n<script type=\"application\/ld+json\" class=\"yoast-schema-graph\">{\"@context\":\"https:\\\/\\\/schema.org\",\"@graph\":[{\"@type\":\"WebPage\",\"@id\":\"https:\\\/\\\/3dvisions.ch\\\/it\\\/ingegneria\\\/\",\"url\":\"https:\\\/\\\/3dvisions.ch\\\/it\\\/ingegneria\\\/\",\"name\":\"Rilievi topografici 3D di precisione con drone e scanner laser\",\"isPartOf\":{\"@id\":\"https:\\\/\\\/3dvisions.ch\\\/it\\\/#website\"},\"primaryImageOfPage\":{\"@id\":\"https:\\\/\\\/3dvisions.ch\\\/it\\\/ingegneria\\\/#primaryimage\"},\"image\":{\"@id\":\"https:\\\/\\\/3dvisions.ch\\\/it\\\/ingegneria\\\/#primaryimage\"},\"thumbnailUrl\":\"https:\\\/\\\/3dvisions.ch\\\/wp-content\\\/uploads\\\/2024\\\/04\\\/Mesures_Nira-e1714132630594.png\",\"datePublished\":\"2022-11-04T14:52:32+00:00\",\"dateModified\":\"2026-01-29T14:54:00+00:00\",\"description\":\"Rilievi topografici 3D di precisione con drone e scanner laser, gemelli digitali 3D ultra dettagliati, ingegneria, urbanistica & geomatica.\",\"breadcrumb\":{\"@id\":\"https:\\\/\\\/3dvisions.ch\\\/it\\\/ingegneria\\\/#breadcrumb\"},\"inLanguage\":\"it-IT\",\"potentialAction\":[{\"@type\":\"ReadAction\",\"target\":[\"https:\\\/\\\/3dvisions.ch\\\/it\\\/ingegneria\\\/\"]}]},{\"@type\":\"ImageObject\",\"inLanguage\":\"it-IT\",\"@id\":\"https:\\\/\\\/3dvisions.ch\\\/it\\\/ingegneria\\\/#primaryimage\",\"url\":\"https:\\\/\\\/3dvisions.ch\\\/wp-content\\\/uploads\\\/2024\\\/04\\\/Mesures_Nira-e1714132630594.png\",\"contentUrl\":\"https:\\\/\\\/3dvisions.ch\\\/wp-content\\\/uploads\\\/2024\\\/04\\\/Mesures_Nira-e1714132630594.png\"},{\"@type\":\"BreadcrumbList\",\"@id\":\"https:\\\/\\\/3dvisions.ch\\\/it\\\/ingegneria\\\/#breadcrumb\",\"itemListElement\":[{\"@type\":\"ListItem\",\"position\":1,\"name\":\"Accueil\",\"item\":\"https:\\\/\\\/3dvisions.ch\\\/it\\\/home\\\/\"},{\"@type\":\"ListItem\",\"position\":2,\"name\":\"Ingegneria\"}]},{\"@type\":\"WebSite\",\"@id\":\"https:\\\/\\\/3dvisions.ch\\\/it\\\/#website\",\"url\":\"https:\\\/\\\/3dvisions.ch\\\/it\\\/\",\"name\":\"3D Visions Designs\",\"description\":\"Relev\u00e9s de pr\u00e9cision par drone et scanner laser, mod\u00e9lisation 3D pour l&#039;architecture, l&#039;ing\u00e9nierie, l&#039;urbanisme et les monuments historiques.\",\"publisher\":{\"@id\":\"https:\\\/\\\/3dvisions.ch\\\/it\\\/#organization\"},\"alternateName\":\"3D Vision\",\"potentialAction\":[{\"@type\":\"SearchAction\",\"target\":{\"@type\":\"EntryPoint\",\"urlTemplate\":\"https:\\\/\\\/3dvisions.ch\\\/it\\\/?s={search_term_string}\"},\"query-input\":{\"@type\":\"PropertyValueSpecification\",\"valueRequired\":true,\"valueName\":\"search_term_string\"}}],\"inLanguage\":\"it-IT\"},{\"@type\":\"Organization\",\"@id\":\"https:\\\/\\\/3dvisions.ch\\\/it\\\/#organization\",\"name\":\"3D Visions Designs\",\"alternateName\":\"3D Vision\",\"url\":\"https:\\\/\\\/3dvisions.ch\\\/it\\\/\",\"logo\":{\"@type\":\"ImageObject\",\"inLanguage\":\"it-IT\",\"@id\":\"https:\\\/\\\/3dvisions.ch\\\/it\\\/#\\\/schema\\\/logo\\\/image\\\/\",\"url\":\"https:\\\/\\\/3dvisions.ch\\\/wp-content\\\/uploads\\\/2026\\\/02\\\/logo-3d-Vision-Web-1080-noir.webp\",\"contentUrl\":\"https:\\\/\\\/3dvisions.ch\\\/wp-content\\\/uploads\\\/2026\\\/02\\\/logo-3d-Vision-Web-1080-noir.webp\",\"width\":789,\"height\":213,\"caption\":\"3D Visions Designs\"},\"image\":{\"@id\":\"https:\\\/\\\/3dvisions.ch\\\/it\\\/#\\\/schema\\\/logo\\\/image\\\/\"},\"sameAs\":[\"https:\\\/\\\/www.facebook.com\\\/3dddvisions\\\/?modal=admin_todo_tour\",\"https:\\\/\\\/www.linkedin.com\\\/company\\\/3d-visions-designs\",\"https:\\\/\\\/www.instagram.com\\\/3dddvisionsinsta\\\/\",\"https:\\\/\\\/www.youtube.com\\\/@3dvisionsdesigns\",\"https:\\\/\\\/sketchfab.com\\\/3DVisionsDesigns\"],\"description\":\"3D Visions Designs S\u00e0rl est une entreprise sp\u00e9cialis\u00e9e dans les relev\u00e9s topographiques 3D de pr\u00e9cision, la photogramm\u00e9trie a\u00e9rienne et terrestre par drone, la mod\u00e9lisation 3D de b\u00e2timents, d\u2019ouvrages d\u2019art, de terrains et d\u2019objets, le scanning laser 3D, les inspections a\u00e9riennes, l'imagerie thermique, la vectorisation de plans 2D et 3D pour l\u2019architecture et la construction ainsi que la mod\u00e9lisation 3D BIM aux normes IFC, la prise de vue photo et vid\u00e9o a\u00e9riennes par drones professionnels, la fabrication de maquettes d'urbanismes et d'architecture et l'impression 3D Couleur. Nous sommes actifs partout en Suisse et en Europe.\",\"email\":\"info@3dvisions.ch\",\"telephone\":\"+41792796442\",\"legalName\":\"3D Visions Designs S\u00e0rl\",\"foundingDate\":\"2022-02-17\",\"vatID\":\"CHE-163.963.784\",\"numberOfEmployees\":{\"@type\":\"QuantitativeValue\",\"minValue\":\"1\",\"maxValue\":\"10\"}}]}<\/script>\n<!-- \/ Yoast SEO Premium plugin. -->","yoast_head_json":{"title":"Rilievi topografici 3D di precisione con drone e scanner laser","description":"Rilievi topografici 3D di precisione con drone e scanner laser, gemelli digitali 3D ultra dettagliati, ingegneria, urbanistica & geomatica.","robots":{"index":"index","follow":"follow","max-snippet":"max-snippet:-1","max-image-preview":"max-image-preview:large","max-video-preview":"max-video-preview:-1"},"canonical":"https:\/\/3dvisions.ch\/it\/ingegneria\/","og_locale":"it_IT","og_type":"article","og_title":"Ingegneria","og_description":"Rilievi topografici 3D di precisione con drone e scanner laser, gemelli digitali 3D ultra dettagliati, ingegneria, urbanistica & geomatica.","og_url":"https:\/\/3dvisions.ch\/it\/ingegneria\/","og_site_name":"3D Visions Designs S\u00e0rl","article_publisher":"https:\/\/www.facebook.com\/3dddvisions\/?modal=admin_todo_tour","article_modified_time":"2026-01-29T14:54:00+00:00","og_image":[{"url":"https:\/\/3dvisions.ch\/wp-content\/uploads\/2022\/11\/cropped-cropped-3DD_600x500-300x300.webp","type":"","width":"","height":""}],"twitter_card":"summary_large_image","twitter_misc":{"Tempo di lettura stimato":"5 minuto"},"schema":{"@context":"https:\/\/schema.org","@graph":[{"@type":"WebPage","@id":"https:\/\/3dvisions.ch\/it\/ingegneria\/","url":"https:\/\/3dvisions.ch\/it\/ingegneria\/","name":"Rilievi topografici 3D di precisione con drone e scanner laser","isPartOf":{"@id":"https:\/\/3dvisions.ch\/it\/#website"},"primaryImageOfPage":{"@id":"https:\/\/3dvisions.ch\/it\/ingegneria\/#primaryimage"},"image":{"@id":"https:\/\/3dvisions.ch\/it\/ingegneria\/#primaryimage"},"thumbnailUrl":"https:\/\/3dvisions.ch\/wp-content\/uploads\/2024\/04\/Mesures_Nira-e1714132630594.png","datePublished":"2022-11-04T14:52:32+00:00","dateModified":"2026-01-29T14:54:00+00:00","description":"Rilievi topografici 3D di precisione con drone e scanner laser, gemelli digitali 3D ultra dettagliati, ingegneria, urbanistica & geomatica.","breadcrumb":{"@id":"https:\/\/3dvisions.ch\/it\/ingegneria\/#breadcrumb"},"inLanguage":"it-IT","potentialAction":[{"@type":"ReadAction","target":["https:\/\/3dvisions.ch\/it\/ingegneria\/"]}]},{"@type":"ImageObject","inLanguage":"it-IT","@id":"https:\/\/3dvisions.ch\/it\/ingegneria\/#primaryimage","url":"https:\/\/3dvisions.ch\/wp-content\/uploads\/2024\/04\/Mesures_Nira-e1714132630594.png","contentUrl":"https:\/\/3dvisions.ch\/wp-content\/uploads\/2024\/04\/Mesures_Nira-e1714132630594.png"},{"@type":"BreadcrumbList","@id":"https:\/\/3dvisions.ch\/it\/ingegneria\/#breadcrumb","itemListElement":[{"@type":"ListItem","position":1,"name":"Accueil","item":"https:\/\/3dvisions.ch\/it\/home\/"},{"@type":"ListItem","position":2,"name":"Ingegneria"}]},{"@type":"WebSite","@id":"https:\/\/3dvisions.ch\/it\/#website","url":"https:\/\/3dvisions.ch\/it\/","name":"3D Visions Designs","description":"Relev\u00e9s de pr\u00e9cision par drone et scanner laser, mod\u00e9lisation 3D pour l&#039;architecture, l&#039;ing\u00e9nierie, l&#039;urbanisme et les monuments historiques.","publisher":{"@id":"https:\/\/3dvisions.ch\/it\/#organization"},"alternateName":"3D Vision","potentialAction":[{"@type":"SearchAction","target":{"@type":"EntryPoint","urlTemplate":"https:\/\/3dvisions.ch\/it\/?s={search_term_string}"},"query-input":{"@type":"PropertyValueSpecification","valueRequired":true,"valueName":"search_term_string"}}],"inLanguage":"it-IT"},{"@type":"Organization","@id":"https:\/\/3dvisions.ch\/it\/#organization","name":"3D Visions Designs","alternateName":"3D Vision","url":"https:\/\/3dvisions.ch\/it\/","logo":{"@type":"ImageObject","inLanguage":"it-IT","@id":"https:\/\/3dvisions.ch\/it\/#\/schema\/logo\/image\/","url":"https:\/\/3dvisions.ch\/wp-content\/uploads\/2026\/02\/logo-3d-Vision-Web-1080-noir.webp","contentUrl":"https:\/\/3dvisions.ch\/wp-content\/uploads\/2026\/02\/logo-3d-Vision-Web-1080-noir.webp","width":789,"height":213,"caption":"3D Visions Designs"},"image":{"@id":"https:\/\/3dvisions.ch\/it\/#\/schema\/logo\/image\/"},"sameAs":["https:\/\/www.facebook.com\/3dddvisions\/?modal=admin_todo_tour","https:\/\/www.linkedin.com\/company\/3d-visions-designs","https:\/\/www.instagram.com\/3dddvisionsinsta\/","https:\/\/www.youtube.com\/@3dvisionsdesigns","https:\/\/sketchfab.com\/3DVisionsDesigns"],"description":"3D Visions Designs S\u00e0rl est une entreprise sp\u00e9cialis\u00e9e dans les relev\u00e9s topographiques 3D de pr\u00e9cision, la photogramm\u00e9trie a\u00e9rienne et terrestre par drone, la mod\u00e9lisation 3D de b\u00e2timents, d\u2019ouvrages d\u2019art, de terrains et d\u2019objets, le scanning laser 3D, les inspections a\u00e9riennes, l'imagerie thermique, la vectorisation de plans 2D et 3D pour l\u2019architecture et la construction ainsi que la mod\u00e9lisation 3D BIM aux normes IFC, la prise de vue photo et vid\u00e9o a\u00e9riennes par drones professionnels, la fabrication de maquettes d'urbanismes et d'architecture et l'impression 3D Couleur. Nous sommes actifs partout en Suisse et en Europe.","email":"info@3dvisions.ch","telephone":"+41792796442","legalName":"3D Visions Designs S\u00e0rl","foundingDate":"2022-02-17","vatID":"CHE-163.963.784","numberOfEmployees":{"@type":"QuantitativeValue","minValue":"1","maxValue":"10"}}]}},"_links":{"self":[{"href":"https:\/\/3dvisions.ch\/it\/wp-json\/wp\/v2\/pages\/33338","targetHints":{"allow":["GET"]}}],"collection":[{"href":"https:\/\/3dvisions.ch\/it\/wp-json\/wp\/v2\/pages"}],"about":[{"href":"https:\/\/3dvisions.ch\/it\/wp-json\/wp\/v2\/types\/page"}],"author":[{"embeddable":true,"href":"https:\/\/3dvisions.ch\/it\/wp-json\/wp\/v2\/users\/3"}],"replies":[{"embeddable":true,"href":"https:\/\/3dvisions.ch\/it\/wp-json\/wp\/v2\/comments?post=33338"}],"version-history":[{"count":0,"href":"https:\/\/3dvisions.ch\/it\/wp-json\/wp\/v2\/pages\/33338\/revisions"}],"wp:attachment":[{"href":"https:\/\/3dvisions.ch\/it\/wp-json\/wp\/v2\/media?parent=33338"}],"curies":[{"name":"wp","href":"https:\/\/api.w.org\/{rel}","templated":true}]}}