{"id":33325,"date":"2022-11-04T15:21:26","date_gmt":"2022-11-04T14:21:26","guid":{"rendered":"https:\/\/3dvisions.ch\/team-e-partner\/"},"modified":"2026-01-28T18:41:14","modified_gmt":"2026-01-28T17:41:14","slug":"team-e-partner","status":"publish","type":"page","link":"https:\/\/3dvisions.ch\/it\/team-e-partner\/","title":{"rendered":"Team e partner"},"content":{"rendered":"\n[et_pb_section fb_built=&#8221;1&#8243; custom_padding_last_edited=&#8221;on|desktop&#8221; admin_label=&#8221;section&#8221; module_id=&#8221;Chi siamo&#8221; _builder_version=&#8221;4.27.4&#8243; background_color=&#8221;#25245e&#8221; background_enable_image=&#8221;off&#8221; background_position=&#8221;top_center&#8221; background_vertical_offset=&#8221;11%&#8221; min_height=&#8221;300px&#8221; custom_padding=&#8221;0px|0px|0px|0px||&#8221; custom_padding_tablet=&#8221;&#8221; custom_padding_phone=&#8221;&#8221; transparent_background=&#8221;off&#8221; locked=&#8221;off&#8221; collapsed=&#8221;off&#8221; global_colors_info=&#8221;{}&#8221;][et_pb_row _builder_version=&#8221;4.20.0&#8243; custom_margin=&#8221;1px||||false|false&#8221; custom_padding=&#8221;2px||||false|false&#8221; global_colors_info=&#8221;{}&#8221;][et_pb_column type=&#8221;4_4&#8243; _builder_version=&#8221;4.16&#8243; custom_padding=&#8221;|||&#8221; global_colors_info=&#8221;{}&#8221; custom_padding__hover=&#8221;|||&#8221;][et_pb_text _builder_version=&#8221;4.19.0&#8243; header_text_align=&#8221;justify&#8221; header_font_size=&#8221;50px&#8221; header_line_height=&#8221;1.2em&#8221; background_layout=&#8221;dark&#8221; width=&#8221;100%&#8221; module_alignment=&#8221;center&#8221; custom_margin=&#8221;45px|||||&#8221; header_font_size_tablet=&#8221;35px&#8221; header_font_size_phone=&#8221;35px&#8221; header_font_size_last_edited=&#8221;on|phone&#8221; text_text_shadow_style=&#8221;preset1&#8243; header_text_shadow_style=&#8221;preset1&#8243; inline_fonts=&#8221;Arial&#8221; global_colors_info=&#8221;{}&#8221;]<h1 style=\"text-align: justify;\"><span style=\"color: #ffffff; font-family: Arial; font-weight: normal;\">Team e partner.<\/span><\/h1>[\/et_pb_text][et_pb_text _builder_version=&#8221;4.27.4&#8243; header_text_align=&#8221;justify&#8221; header_font_size=&#8221;50px&#8221; header_line_height=&#8221;1.2em&#8221; background_layout=&#8221;dark&#8221; width=&#8221;100%&#8221; module_alignment=&#8221;center&#8221; custom_margin=&#8221;45px|||||&#8221; header_font_size_tablet=&#8221;35px&#8221; header_font_size_phone=&#8221;35px&#8221; header_font_size_last_edited=&#8221;on|phone&#8221; text_text_shadow_style=&#8221;preset1&#8243; header_text_shadow_style=&#8221;preset1&#8243; inline_fonts=&#8221;Arial&#8221; global_colors_info=&#8221;{}&#8221;]<h2><span style=\"color: #ffffff;\">Esperti in fotogrammetria e modellazione 3D al vostro servizio.<\/span><\/h2>[\/et_pb_text][\/et_pb_column][\/et_pb_row][\/et_pb_section][et_pb_section fb_built=&#8221;1&#8243; _builder_version=&#8221;4.16&#8243; global_colors_info=&#8221;{}&#8221;][et_pb_row _builder_version=&#8221;4.20.0&#8243; global_colors_info=&#8221;{}&#8221;][et_pb_column type=&#8221;4_4&#8243; _builder_version=&#8221;4.16&#8243; global_colors_info=&#8221;{}&#8221;][et_pb_team_member name=&#8221;Vincent Depeursinge&#8221; position=&#8221;Fondatore &amp; CEO, Specialista in Fotogrammetria, Scansione laser, CAD, Modellazione e stampa 3D, e Pilota di droni brevettato. &#8221; image_url=&#8221;https:\/\/3dvisions.ch\/wp-content\/uploads\/2025\/05\/Portrait_Vincent__B_NB_350x350.jpg&#8221; linkedin_url=&#8221;www.linkedin.com\/in\/vincent-depeursinge-955b6951&#8243; _builder_version=&#8221;4.27.4&#8243; _module_preset=&#8221;default&#8221; custom_padding=&#8221;||0px|||&#8221; hover_enabled=&#8221;0&#8243; global_colors_info=&#8221;{}&#8221; sticky_enabled=&#8221;0&#8243;][\/et_pb_team_member][et_pb_team_member name=&#8221;S\u00e9bastien Wildi&#8221; position=&#8221; Designer industriale e di prodotto HES \/ Disegnatore edile CFC. Specialista in modellazione, messa in tavola, Fotografia &amp; infografia.  &#8221; image_url=&#8221;https:\/\/3dvisions.ch\/wp-content\/uploads\/2025\/08\/Seb_350_NB.webp&#8221; _builder_version=&#8221;4.27.4&#8243; _module_preset=&#8221;default&#8221; custom_padding=&#8221;||0px|||&#8221; hover_enabled=&#8221;0&#8243; global_colors_info=&#8221;{}&#8221; alt=&#8221;Portrait S\u00e9bastien Wildi&#8221; title_text=&#8221;Seb_350_NB&#8221; sticky_enabled=&#8221;0&#8243;][\/et_pb_team_member][et_pb_team_member name=&#8221;Philippe H\u00f6ttges&#8221; position=&#8221;Geometra&#8221; image_url=&#8221;https:\/\/3dvisions.ch\/wp-content\/uploads\/2025\/05\/Philippe_350x350.jpg&#8221; _builder_version=&#8221;4.27.4&#8243; _module_preset=&#8221;default&#8221; global_colors_info=&#8221;{}&#8221;][\/et_pb_team_member][et_pb_team_member name=&#8221;Xavier Depeursinge&#8221; position=&#8221;Architetto EPFL \/ SIA&#8221; image_url=&#8221;https:\/\/3dvisions.ch\/wp-content\/uploads\/2025\/05\/Xavier_NB_350x350-1.jpg&#8221; linkedin_url=&#8221;https:\/\/www.linkedin.com\/in\/xavierdepeursinge\/&#8221; _builder_version=&#8221;4.27.4&#8243; _module_preset=&#8221;default&#8221; global_colors_info=&#8221;{}&#8221;][\/et_pb_team_member][et_pb_team_member name=&#8221;Alessio H\u00f6ttges&#8221; position=&#8221;Ingegnere Civile ETH Zurigo&#8221; image_url=&#8221;https:\/\/3dvisions.ch\/wp-content\/uploads\/2025\/05\/Alessio-ok_NB_350x350.jpg&#8221; _builder_version=&#8221;4.27.4&#8243; _module_preset=&#8221;default&#8221; global_colors_info=&#8221;{}&#8221;][\/et_pb_team_member][\/et_pb_column][\/et_pb_row][et_pb_row _builder_version=&#8221;4.20.0&#8243; _module_preset=&#8221;default&#8221; global_colors_info=&#8221;{}&#8221;][et_pb_column type=&#8221;4_4&#8243; _builder_version=&#8221;4.19.0&#8243; _module_preset=&#8221;default&#8221; global_colors_info=&#8221;{}&#8221;][et_pb_button button_url=&#8221;https:\/\/3dvisions.ch\/it\/contatti\/&#8221; button_text=&#8221;CONTATTACI&#8221; button_alignment=&#8221;center&#8221; admin_label=&#8221;Button&#8221; _builder_version=&#8221;4.19.0&#8243; button_letter_spacing_hover=&#8221;0&#8243; locked=&#8221;off&#8221; global_colors_info=&#8221;{}&#8221; button_text_size__hover_enabled=&#8221;off&#8221; button_one_text_size__hover_enabled=&#8221;off&#8221; button_two_text_size__hover_enabled=&#8221;off&#8221; button_text_color__hover_enabled=&#8221;off&#8221; button_one_text_color__hover_enabled=&#8221;off&#8221; button_two_text_color__hover_enabled=&#8221;off&#8221; button_border_width__hover_enabled=&#8221;off&#8221; button_one_border_width__hover_enabled=&#8221;off&#8221; button_two_border_width__hover_enabled=&#8221;off&#8221; button_border_color__hover_enabled=&#8221;off&#8221; button_one_border_color__hover_enabled=&#8221;off&#8221; button_two_border_color__hover_enabled=&#8221;off&#8221; button_border_radius__hover_enabled=&#8221;off&#8221; button_one_border_radius__hover_enabled=&#8221;off&#8221; button_two_border_radius__hover_enabled=&#8221;off&#8221; button_letter_spacing__hover_enabled=&#8221;on&#8221; button_letter_spacing__hover=&#8221;0&#8243; button_one_letter_spacing__hover_enabled=&#8221;off&#8221; button_two_letter_spacing__hover_enabled=&#8221;off&#8221; button_bg_color__hover_enabled=&#8221;off&#8221; button_one_bg_color__hover_enabled=&#8221;off&#8221; button_two_bg_color__hover_enabled=&#8221;off&#8221;][\/et_pb_button][\/et_pb_column][\/et_pb_row][\/et_pb_section]\n","protected":false},"excerpt":{"rendered":"<p>Team e partner.Esperti in fotogrammetria e modellazione 3D al vostro servizio.<\/p>\n","protected":false},"author":3,"featured_media":0,"parent":0,"menu_order":8,"comment_status":"closed","ping_status":"closed","template":"","meta":{"_et_pb_use_builder":"on","_et_pb_old_content":"","_et_gb_content_width":"","footnotes":""},"class_list":["post-33325","page","type-page","status-publish","hentry"],"yoast_head":"<!-- This site is optimized with the Yoast SEO Premium plugin v27.4 (Yoast SEO v27.4) - https:\/\/yoast.com\/product\/yoast-seo-premium-wordpress\/ -->\n<title>Presentazione del team e dei nostri partner<\/title>\n<meta name=\"description\" content=\"Scoprite il nostro team e i nostri partner. Esperti in fotogrammetria e modellazione 3D al vostro servizio.\" \/>\n<meta name=\"robots\" content=\"index, follow, max-snippet:-1, max-image-preview:large, max-video-preview:-1\" \/>\n<link rel=\"canonical\" href=\"https:\/\/3dvisions.ch\/it\/team-e-partner\/\" \/>\n<meta property=\"og:locale\" content=\"it_IT\" \/>\n<meta property=\"og:type\" content=\"article\" \/>\n<meta property=\"og:title\" content=\"Team e partner\" \/>\n<meta property=\"og:description\" content=\"Presentazione del team e dei partner.\" \/>\n<meta property=\"og:url\" content=\"https:\/\/3dvisions.ch\/it\/team-e-partner\/\" \/>\n<meta property=\"og:site_name\" content=\"3D Visions Designs S\u00e0rl\" \/>\n<meta property=\"article:publisher\" content=\"https:\/\/www.facebook.com\/3dddvisions\/?modal=admin_todo_tour\" \/>\n<meta property=\"article:modified_time\" content=\"2026-01-28T17:41:14+00:00\" \/>\n<meta property=\"og:image\" content=\"https:\/\/3dvisions.ch\/wp-content\/uploads\/2022\/11\/cropped-cropped-3DD_600x500-300x300.webp\" \/>\n<meta name=\"twitter:card\" content=\"summary_large_image\" \/>\n<meta name=\"twitter:label1\" content=\"Tempo di lettura stimato\" \/>\n\t<meta name=\"twitter:data1\" content=\"4 minuto\" \/>\n<script type=\"application\/ld+json\" class=\"yoast-schema-graph\">{\"@context\":\"https:\\\/\\\/schema.org\",\"@graph\":[{\"@type\":\"WebPage\",\"@id\":\"https:\\\/\\\/3dvisions.ch\\\/it\\\/team-e-partner\\\/\",\"url\":\"https:\\\/\\\/3dvisions.ch\\\/it\\\/team-e-partner\\\/\",\"name\":\"Presentazione del team e dei nostri partner\",\"isPartOf\":{\"@id\":\"https:\\\/\\\/3dvisions.ch\\\/it\\\/#website\"},\"datePublished\":\"2022-11-04T14:21:26+00:00\",\"dateModified\":\"2026-01-28T17:41:14+00:00\",\"description\":\"Scoprite il nostro team e i nostri partner. Esperti in fotogrammetria e modellazione 3D al vostro servizio.\",\"breadcrumb\":{\"@id\":\"https:\\\/\\\/3dvisions.ch\\\/it\\\/team-e-partner\\\/#breadcrumb\"},\"inLanguage\":\"it-IT\",\"potentialAction\":[{\"@type\":\"ReadAction\",\"target\":[\"https:\\\/\\\/3dvisions.ch\\\/it\\\/team-e-partner\\\/\"]}]},{\"@type\":\"BreadcrumbList\",\"@id\":\"https:\\\/\\\/3dvisions.ch\\\/it\\\/team-e-partner\\\/#breadcrumb\",\"itemListElement\":[{\"@type\":\"ListItem\",\"position\":1,\"name\":\"Accueil\",\"item\":\"https:\\\/\\\/3dvisions.ch\\\/it\\\/home\\\/\"},{\"@type\":\"ListItem\",\"position\":2,\"name\":\"Team e partner\"}]},{\"@type\":\"WebSite\",\"@id\":\"https:\\\/\\\/3dvisions.ch\\\/it\\\/#website\",\"url\":\"https:\\\/\\\/3dvisions.ch\\\/it\\\/\",\"name\":\"3D Visions Designs\",\"description\":\"Relev\u00e9s de pr\u00e9cision par drone et scanner laser, mod\u00e9lisation 3D pour l&#039;architecture, l&#039;ing\u00e9nierie, l&#039;urbanisme et les monuments historiques.\",\"publisher\":{\"@id\":\"https:\\\/\\\/3dvisions.ch\\\/it\\\/#organization\"},\"alternateName\":\"3D Vision\",\"potentialAction\":[{\"@type\":\"SearchAction\",\"target\":{\"@type\":\"EntryPoint\",\"urlTemplate\":\"https:\\\/\\\/3dvisions.ch\\\/it\\\/?s={search_term_string}\"},\"query-input\":{\"@type\":\"PropertyValueSpecification\",\"valueRequired\":true,\"valueName\":\"search_term_string\"}}],\"inLanguage\":\"it-IT\"},{\"@type\":\"Organization\",\"@id\":\"https:\\\/\\\/3dvisions.ch\\\/it\\\/#organization\",\"name\":\"3D Visions Designs\",\"alternateName\":\"3D Vision\",\"url\":\"https:\\\/\\\/3dvisions.ch\\\/it\\\/\",\"logo\":{\"@type\":\"ImageObject\",\"inLanguage\":\"it-IT\",\"@id\":\"https:\\\/\\\/3dvisions.ch\\\/it\\\/#\\\/schema\\\/logo\\\/image\\\/\",\"url\":\"https:\\\/\\\/3dvisions.ch\\\/wp-content\\\/uploads\\\/2026\\\/02\\\/logo-3d-Vision-Web-1080-noir.webp\",\"contentUrl\":\"https:\\\/\\\/3dvisions.ch\\\/wp-content\\\/uploads\\\/2026\\\/02\\\/logo-3d-Vision-Web-1080-noir.webp\",\"width\":789,\"height\":213,\"caption\":\"3D Visions Designs\"},\"image\":{\"@id\":\"https:\\\/\\\/3dvisions.ch\\\/it\\\/#\\\/schema\\\/logo\\\/image\\\/\"},\"sameAs\":[\"https:\\\/\\\/www.facebook.com\\\/3dddvisions\\\/?modal=admin_todo_tour\",\"https:\\\/\\\/www.linkedin.com\\\/company\\\/3d-visions-designs\",\"https:\\\/\\\/www.instagram.com\\\/3dddvisionsinsta\\\/\",\"https:\\\/\\\/www.youtube.com\\\/@3dvisionsdesigns\",\"https:\\\/\\\/sketchfab.com\\\/3DVisionsDesigns\"],\"description\":\"3D Visions Designs S\u00e0rl est une entreprise sp\u00e9cialis\u00e9e dans les relev\u00e9s topographiques 3D de pr\u00e9cision, la photogramm\u00e9trie a\u00e9rienne et terrestre par drone, la mod\u00e9lisation 3D de b\u00e2timents, d\u2019ouvrages d\u2019art, de terrains et d\u2019objets, le scanning laser 3D, les inspections a\u00e9riennes, l'imagerie thermique, la vectorisation de plans 2D et 3D pour l\u2019architecture et la construction ainsi que la mod\u00e9lisation 3D BIM aux normes IFC, la prise de vue photo et vid\u00e9o a\u00e9riennes par drones professionnels, la fabrication de maquettes d'urbanismes et d'architecture et l'impression 3D Couleur. Nous sommes actifs partout en Suisse et en Europe.\",\"email\":\"info@3dvisions.ch\",\"telephone\":\"+41792796442\",\"legalName\":\"3D Visions Designs S\u00e0rl\",\"foundingDate\":\"2022-02-17\",\"vatID\":\"CHE-163.963.784\",\"numberOfEmployees\":{\"@type\":\"QuantitativeValue\",\"minValue\":\"1\",\"maxValue\":\"10\"}}]}<\/script>\n<!-- \/ Yoast SEO Premium plugin. -->","yoast_head_json":{"title":"Presentazione del team e dei nostri partner","description":"Scoprite il nostro team e i nostri partner. Esperti in fotogrammetria e modellazione 3D al vostro servizio.","robots":{"index":"index","follow":"follow","max-snippet":"max-snippet:-1","max-image-preview":"max-image-preview:large","max-video-preview":"max-video-preview:-1"},"canonical":"https:\/\/3dvisions.ch\/it\/team-e-partner\/","og_locale":"it_IT","og_type":"article","og_title":"Team e partner","og_description":"Presentazione del team e dei partner.","og_url":"https:\/\/3dvisions.ch\/it\/team-e-partner\/","og_site_name":"3D Visions Designs S\u00e0rl","article_publisher":"https:\/\/www.facebook.com\/3dddvisions\/?modal=admin_todo_tour","article_modified_time":"2026-01-28T17:41:14+00:00","og_image":[{"url":"https:\/\/3dvisions.ch\/wp-content\/uploads\/2022\/11\/cropped-cropped-3DD_600x500-300x300.webp","type":"","width":"","height":""}],"twitter_card":"summary_large_image","twitter_misc":{"Tempo di lettura stimato":"4 minuto"},"schema":{"@context":"https:\/\/schema.org","@graph":[{"@type":"WebPage","@id":"https:\/\/3dvisions.ch\/it\/team-e-partner\/","url":"https:\/\/3dvisions.ch\/it\/team-e-partner\/","name":"Presentazione del team e dei nostri partner","isPartOf":{"@id":"https:\/\/3dvisions.ch\/it\/#website"},"datePublished":"2022-11-04T14:21:26+00:00","dateModified":"2026-01-28T17:41:14+00:00","description":"Scoprite il nostro team e i nostri partner. Esperti in fotogrammetria e modellazione 3D al vostro servizio.","breadcrumb":{"@id":"https:\/\/3dvisions.ch\/it\/team-e-partner\/#breadcrumb"},"inLanguage":"it-IT","potentialAction":[{"@type":"ReadAction","target":["https:\/\/3dvisions.ch\/it\/team-e-partner\/"]}]},{"@type":"BreadcrumbList","@id":"https:\/\/3dvisions.ch\/it\/team-e-partner\/#breadcrumb","itemListElement":[{"@type":"ListItem","position":1,"name":"Accueil","item":"https:\/\/3dvisions.ch\/it\/home\/"},{"@type":"ListItem","position":2,"name":"Team e partner"}]},{"@type":"WebSite","@id":"https:\/\/3dvisions.ch\/it\/#website","url":"https:\/\/3dvisions.ch\/it\/","name":"3D Visions Designs","description":"Relev\u00e9s de pr\u00e9cision par drone et scanner laser, mod\u00e9lisation 3D pour l&#039;architecture, l&#039;ing\u00e9nierie, l&#039;urbanisme et les monuments historiques.","publisher":{"@id":"https:\/\/3dvisions.ch\/it\/#organization"},"alternateName":"3D Vision","potentialAction":[{"@type":"SearchAction","target":{"@type":"EntryPoint","urlTemplate":"https:\/\/3dvisions.ch\/it\/?s={search_term_string}"},"query-input":{"@type":"PropertyValueSpecification","valueRequired":true,"valueName":"search_term_string"}}],"inLanguage":"it-IT"},{"@type":"Organization","@id":"https:\/\/3dvisions.ch\/it\/#organization","name":"3D Visions Designs","alternateName":"3D Vision","url":"https:\/\/3dvisions.ch\/it\/","logo":{"@type":"ImageObject","inLanguage":"it-IT","@id":"https:\/\/3dvisions.ch\/it\/#\/schema\/logo\/image\/","url":"https:\/\/3dvisions.ch\/wp-content\/uploads\/2026\/02\/logo-3d-Vision-Web-1080-noir.webp","contentUrl":"https:\/\/3dvisions.ch\/wp-content\/uploads\/2026\/02\/logo-3d-Vision-Web-1080-noir.webp","width":789,"height":213,"caption":"3D Visions Designs"},"image":{"@id":"https:\/\/3dvisions.ch\/it\/#\/schema\/logo\/image\/"},"sameAs":["https:\/\/www.facebook.com\/3dddvisions\/?modal=admin_todo_tour","https:\/\/www.linkedin.com\/company\/3d-visions-designs","https:\/\/www.instagram.com\/3dddvisionsinsta\/","https:\/\/www.youtube.com\/@3dvisionsdesigns","https:\/\/sketchfab.com\/3DVisionsDesigns"],"description":"3D Visions Designs S\u00e0rl est une entreprise sp\u00e9cialis\u00e9e dans les relev\u00e9s topographiques 3D de pr\u00e9cision, la photogramm\u00e9trie a\u00e9rienne et terrestre par drone, la mod\u00e9lisation 3D de b\u00e2timents, d\u2019ouvrages d\u2019art, de terrains et d\u2019objets, le scanning laser 3D, les inspections a\u00e9riennes, l'imagerie thermique, la vectorisation de plans 2D et 3D pour l\u2019architecture et la construction ainsi que la mod\u00e9lisation 3D BIM aux normes IFC, la prise de vue photo et vid\u00e9o a\u00e9riennes par drones professionnels, la fabrication de maquettes d'urbanismes et d'architecture et l'impression 3D Couleur. Nous sommes actifs partout en Suisse et en Europe.","email":"info@3dvisions.ch","telephone":"+41792796442","legalName":"3D Visions Designs S\u00e0rl","foundingDate":"2022-02-17","vatID":"CHE-163.963.784","numberOfEmployees":{"@type":"QuantitativeValue","minValue":"1","maxValue":"10"}}]}},"_links":{"self":[{"href":"https:\/\/3dvisions.ch\/it\/wp-json\/wp\/v2\/pages\/33325","targetHints":{"allow":["GET"]}}],"collection":[{"href":"https:\/\/3dvisions.ch\/it\/wp-json\/wp\/v2\/pages"}],"about":[{"href":"https:\/\/3dvisions.ch\/it\/wp-json\/wp\/v2\/types\/page"}],"author":[{"embeddable":true,"href":"https:\/\/3dvisions.ch\/it\/wp-json\/wp\/v2\/users\/3"}],"replies":[{"embeddable":true,"href":"https:\/\/3dvisions.ch\/it\/wp-json\/wp\/v2\/comments?post=33325"}],"version-history":[{"count":0,"href":"https:\/\/3dvisions.ch\/it\/wp-json\/wp\/v2\/pages\/33325\/revisions"}],"wp:attachment":[{"href":"https:\/\/3dvisions.ch\/it\/wp-json\/wp\/v2\/media?parent=33325"}],"curies":[{"name":"wp","href":"https:\/\/api.w.org\/{rel}","templated":true}]}}