{"id":33420,"date":"2022-11-04T16:02:12","date_gmt":"2022-11-04T15:02:12","guid":{"rendered":"https:\/\/3dvisions.ch\/model-making\/"},"modified":"2026-01-29T18:47:51","modified_gmt":"2026-01-29T17:47:51","slug":"model-making","status":"publish","type":"page","link":"https:\/\/3dvisions.ch\/en\/model-making\/","title":{"rendered":"Model Making"},"content":{"rendered":"<p>[et_pb_section fb_built=&#8221;1&#8243; custom_padding_last_edited=&#8221;on|desktop&#8221; admin_label=&#8221;section&#8221; module_id=&#8221;about&#8221; _builder_version=&#8221;4.27.4&#8243; background_color=&#8221;#25245e&#8221; background_position=&#8221;top_center&#8221; background_vertical_offset=&#8221;33%&#8221; min_height=&#8221;300px&#8221; custom_padding=&#8221;0px|0px|0px|0px&#8221; custom_padding_tablet=&#8221;&#8221; custom_padding_phone=&#8221;&#8221; hover_enabled=&#8221;0&#8243; transparent_background=&#8221;off&#8221; collapsed=&#8221;off&#8221; global_colors_info=&#8221;{}&#8221; background_enable_image=&#8221;off&#8221; sticky_enabled=&#8221;0&#8243;][et_pb_row _builder_version=&#8221;4.20.0&#8243; custom_margin=&#8221;1px||||false|false&#8221; custom_padding=&#8221;45px||||false|false&#8221; global_colors_info=&#8221;{}&#8221;][et_pb_column type=&#8221;4_4&#8243; _builder_version=&#8221;4.16&#8243; custom_padding=&#8221;|||&#8221; global_colors_info=&#8221;{}&#8221; custom_padding__hover=&#8221;|||&#8221;][et_pb_text _builder_version=&#8221;4.27.4&#8243; header_text_align=&#8221;justify&#8221; header_font_size=&#8221;50px&#8221; header_line_height=&#8221;1.2em&#8221; background_layout=&#8221;dark&#8221; width=&#8221;100%&#8221; module_alignment=&#8221;center&#8221; header_font_size_tablet=&#8221;35px&#8221; header_font_size_phone=&#8221;35px&#8221; header_font_size_last_edited=&#8221;on|phone&#8221; text_text_shadow_style=&#8221;preset1&#8243; header_text_shadow_style=&#8221;preset1&#8243; inline_fonts=&#8221;Arial&#8221; global_colors_info=&#8221;{}&#8221;]<\/p>\n<h1>Urban planning, architectural, engineering structure, and monument models. Produced with color 3D printing.  <\/h1>\n<p>[\/et_pb_text][et_pb_text _builder_version=&#8221;4.27.4&#8243; header_text_align=&#8221;justify&#8221; header_font_size=&#8221;50px&#8221; header_line_height=&#8221;1.2em&#8221; background_layout=&#8221;dark&#8221; width=&#8221;100%&#8221; module_alignment=&#8221;center&#8221; header_font_size_tablet=&#8221;35px&#8221; header_font_size_phone=&#8221;35px&#8221; header_font_size_last_edited=&#8221;on|phone&#8221; text_text_shadow_style=&#8221;preset1&#8243; header_text_shadow_style=&#8221;preset1&#8243; inline_fonts=&#8221;Arial&#8221; global_colors_info=&#8221;{}&#8221;]<\/p>\n<h2>Municipalities, architectural firms, civil engineering, cultural heritage conservation services. <\/h2>\n<p>[\/et_pb_text][\/et_pb_column][\/et_pb_row][\/et_pb_section][et_pb_section fb_built=&#8221;1&#8243; _builder_version=&#8221;4.16&#8243; custom_padding=&#8221;2px|||||&#8221; global_colors_info=&#8221;{}&#8221;][et_pb_row _builder_version=&#8221;4.27.4&#8243; custom_margin=&#8221;1px||||false|false&#8221; custom_padding=&#8221;45px||0px||false|false&#8221; global_colors_info=&#8221;{}&#8221; column_structure=&#8221;4_4,1_2&#8243;][et_pb_column type=&#8221;4_4&#8243; _builder_version=&#8221;4.16&#8243; custom_padding=&#8221;|||&#8221; global_colors_info=&#8221;{}&#8221; custom_padding__hover=&#8221;|||&#8221;][et_pb_text _builder_version=&#8221;4.27.4&#8243; _module_preset=&#8221;default&#8221; global_colors_info=&#8221;{}&#8221;]<\/p>\n<h3><span style=\"color: #000000;\"><strong>Key features of our models:<\/strong><\/span><\/h3>\n<p style=\"text-align: justify;\"><span style=\"color: #000000;\">\u2022 <strong>Up-to-dateness<\/strong>, using 3D models created by us through aerial photogrammetry at the time of model production.<\/span><br \/><span style=\"color: #000000;\">\u2022 <strong>Flexibility<\/strong>, possibility of updating and modifying an area.<\/span><br \/><span style=\"color: #000000;\">\u2022 <strong>Precision<\/strong>, the model is produced from an exact and non-schematic 3D model.<\/span><br \/><span style=\"color: #000000;\">\u2022 <strong>Level of Detail<\/strong>, everything is present: roads, road markings, engineering structures, bridges, vegetation, fountains, sculptures, important monuments, buildings, number and orientation of windows, balconies, terraces, swimming pools, and other outdoor facilities.<\/span><br \/><span style=\"color: #000000;\">\u2022 <strong>Differentiation<\/strong> of similar elements not differentiable on a traditional schematic model (types of buildings, recent or historic; types of trees, centenary or easily replaceable; bridge structures; road types; terrain characteristics).<\/span><br \/><span style=\"color: #000000;\">\u2022 <strong>Clarity<\/strong>, explicit for non-professionals in urban planning or construction.<\/span><br \/><span style=\"color: #000000;\">\u2022 Possibility to <strong>integrate future urban planning and architectural projects<\/strong>.<\/span><\/p>\n<p>[\/et_pb_text][\/et_pb_column][et_pb_column type=&#8221;1_2&#8243; _builder_version=&#8221;4.27.4&#8243; _module_preset=&#8221;default&#8221; global_colors_info=&#8221;{}&#8221;][\/et_pb_column][\/et_pb_row][et_pb_row _builder_version=&#8221;4.20.0&#8243; global_colors_info=&#8221;{}&#8221;][et_pb_column type=&#8221;4_4&#8243; _builder_version=&#8221;4.16&#8243; global_colors_info=&#8221;{}&#8221;][et_pb_gallery gallery_ids=&#8221;33667,33668,33669,33670,33671,33672,33673,33674&#8243; posts_number=&#8221;12&#8243; _builder_version=&#8221;4.25.0&#8243; _module_preset=&#8221;default&#8221; global_colors_info=&#8221;{}&#8221;][\/et_pb_gallery][\/et_pb_column][\/et_pb_row][\/et_pb_section][et_pb_section fb_built=&#8221;1&#8243; admin_label=&#8221;section&#8221; module_id=&#8221;team&#8221; _builder_version=&#8221;4.16&#8243; custom_padding=&#8221;0px|0px|30px|0px&#8221; transparent_background=&#8221;off&#8221; global_colors_info=&#8221;{}&#8221;][et_pb_row custom_padding_last_edited=&#8221;on|phone&#8221; admin_label=&#8221;row&#8221; _builder_version=&#8221;4.20.0&#8243; background_size=&#8221;initial&#8221; background_position=&#8221;top_left&#8221; background_repeat=&#8221;repeat&#8221; custom_padding=&#8221;40px|180px|0px|180px||&#8221; custom_padding_tablet=&#8221;100px|100px|0px|100px&#8221; custom_padding_phone=&#8221;100px|20px|0px|20px&#8221; global_colors_info=&#8221;{}&#8221;][et_pb_column type=&#8221;4_4&#8243; _builder_version=&#8221;4.16&#8243; custom_padding=&#8221;|||&#8221; global_colors_info=&#8221;{}&#8221; custom_padding__hover=&#8221;|||&#8221;][et_pb_button button_url=&#8221;https:\/\/3dvisions.ch\/en\/contact\/&#8221; button_text=&#8221;CONTACT US&#8221; button_alignment=&#8221;center&#8221; admin_label=&#8221;Button&#8221; _builder_version=&#8221;4.16&#8243; button_letter_spacing_hover=&#8221;0&#8243; global_colors_info=&#8221;{}&#8221; button_text_size__hover_enabled=&#8221;off&#8221; button_one_text_size__hover_enabled=&#8221;off&#8221; button_two_text_size__hover_enabled=&#8221;off&#8221; button_text_color__hover_enabled=&#8221;off&#8221; button_one_text_color__hover_enabled=&#8221;off&#8221; button_two_text_color__hover_enabled=&#8221;off&#8221; button_border_width__hover_enabled=&#8221;off&#8221; button_one_border_width__hover_enabled=&#8221;off&#8221; button_two_border_width__hover_enabled=&#8221;off&#8221; button_border_color__hover_enabled=&#8221;off&#8221; button_one_border_color__hover_enabled=&#8221;off&#8221; button_two_border_color__hover_enabled=&#8221;off&#8221; button_border_radius__hover_enabled=&#8221;off&#8221; button_one_border_radius__hover_enabled=&#8221;off&#8221; button_two_border_radius__hover_enabled=&#8221;off&#8221; button_letter_spacing__hover_enabled=&#8221;on&#8221; button_letter_spacing__hover=&#8221;0&#8243; button_one_letter_spacing__hover_enabled=&#8221;off&#8221; button_two_letter_spacing__hover_enabled=&#8221;off&#8221; button_bg_color__hover_enabled=&#8221;off&#8221; button_one_bg_color__hover_enabled=&#8221;off&#8221; button_two_bg_color__hover_enabled=&#8221;off&#8221;][\/et_pb_button][\/et_pb_column][\/et_pb_row][\/et_pb_section]<\/p>\n","protected":false},"excerpt":{"rendered":"<p>Urban planning, architectural, engineering structure, and monument models. Produced with color 3D printing. Municipalities, architectural firms, civil engineering, cultural heritage conservation services. Key features of our models: \u2022 Up-to-dateness, using 3D models created by us through aerial photogrammetry at the time of model production.\u2022 Flexibility, possibility of updating and modifying an area.\u2022 Precision, the model [&hellip;]<\/p>\n","protected":false},"author":3,"featured_media":0,"parent":0,"menu_order":5,"comment_status":"closed","ping_status":"closed","template":"","meta":{"_et_pb_use_builder":"on","_et_pb_old_content":"","_et_gb_content_width":"","footnotes":""},"class_list":["post-33420","page","type-page","status-publish","hentry"],"yoast_head":"<!-- This site is optimized with the Yoast SEO Premium plugin v27.3 (Yoast SEO v27.3) - https:\/\/yoast.com\/product\/yoast-seo-premium-wordpress\/ -->\n<title>Urban Planning and Architectural Models<\/title>\n<meta name=\"description\" content=\"Urban planning, architectural, engineering structure, and monument models. Produced with color 3D printing.\" \/>\n<meta name=\"robots\" content=\"index, follow, max-snippet:-1, max-image-preview:large, max-video-preview:-1\" \/>\n<link rel=\"canonical\" href=\"https:\/\/3dvisions.ch\/en\/model-making\/\" \/>\n<meta property=\"og:locale\" content=\"en_US\" \/>\n<meta property=\"og:type\" content=\"article\" \/>\n<meta property=\"og:title\" content=\"Model Making\" \/>\n<meta property=\"og:description\" content=\"Urban planning, architectural, engineering structure, and monument models. Produced with color 3D printing.\" \/>\n<meta property=\"og:url\" content=\"https:\/\/3dvisions.ch\/en\/model-making\/\" \/>\n<meta property=\"og:site_name\" content=\"3D Visions Designs S\u00e0rl\" \/>\n<meta property=\"article:publisher\" content=\"https:\/\/www.facebook.com\/3dddvisions\/?modal=admin_todo_tour\" \/>\n<meta property=\"article:modified_time\" content=\"2026-01-29T17:47:51+00:00\" \/>\n<meta property=\"og:image\" content=\"https:\/\/3dvisions.ch\/wp-content\/uploads\/2026\/02\/logo-3d-Vision-Web-1080-noir.webp\" \/>\n\t<meta property=\"og:image:width\" content=\"789\" \/>\n\t<meta property=\"og:image:height\" content=\"213\" \/>\n\t<meta property=\"og:image:type\" content=\"image\/webp\" \/>\n<meta name=\"twitter:card\" content=\"summary_large_image\" \/>\n<meta name=\"twitter:label1\" content=\"Est. reading time\" \/>\n\t<meta name=\"twitter:data1\" content=\"4 minutes\" \/>\n<script type=\"application\/ld+json\" class=\"yoast-schema-graph\">{\"@context\":\"https:\\\/\\\/schema.org\",\"@graph\":[{\"@type\":\"WebPage\",\"@id\":\"https:\\\/\\\/3dvisions.ch\\\/en\\\/model-making\\\/\",\"url\":\"https:\\\/\\\/3dvisions.ch\\\/en\\\/model-making\\\/\",\"name\":\"Urban Planning and Architectural Models\",\"isPartOf\":{\"@id\":\"https:\\\/\\\/3dvisions.ch\\\/en\\\/#website\"},\"datePublished\":\"2022-11-04T15:02:12+00:00\",\"dateModified\":\"2026-01-29T17:47:51+00:00\",\"description\":\"Urban planning, architectural, engineering structure, and monument models. Produced with color 3D printing.\",\"breadcrumb\":{\"@id\":\"https:\\\/\\\/3dvisions.ch\\\/en\\\/model-making\\\/#breadcrumb\"},\"inLanguage\":\"en-US\",\"potentialAction\":[{\"@type\":\"ReadAction\",\"target\":[\"https:\\\/\\\/3dvisions.ch\\\/en\\\/model-making\\\/\"]}]},{\"@type\":\"BreadcrumbList\",\"@id\":\"https:\\\/\\\/3dvisions.ch\\\/en\\\/model-making\\\/#breadcrumb\",\"itemListElement\":[{\"@type\":\"ListItem\",\"position\":1,\"name\":\"Accueil\",\"item\":\"https:\\\/\\\/3dvisions.ch\\\/en\\\/home\\\/\"},{\"@type\":\"ListItem\",\"position\":2,\"name\":\"Model Making\"}]},{\"@type\":\"WebSite\",\"@id\":\"https:\\\/\\\/3dvisions.ch\\\/en\\\/#website\",\"url\":\"https:\\\/\\\/3dvisions.ch\\\/en\\\/\",\"name\":\"3D Visions Designs\",\"description\":\"Relev\u00e9s de pr\u00e9cision par drone et scanner laser, mod\u00e9lisation 3D pour l&#039;architecture, l&#039;ing\u00e9nierie, l&#039;urbanisme et les monuments historiques.\",\"publisher\":{\"@id\":\"https:\\\/\\\/3dvisions.ch\\\/en\\\/#organization\"},\"alternateName\":\"3D Vision\",\"potentialAction\":[{\"@type\":\"SearchAction\",\"target\":{\"@type\":\"EntryPoint\",\"urlTemplate\":\"https:\\\/\\\/3dvisions.ch\\\/en\\\/?s={search_term_string}\"},\"query-input\":{\"@type\":\"PropertyValueSpecification\",\"valueRequired\":true,\"valueName\":\"search_term_string\"}}],\"inLanguage\":\"en-US\"},{\"@type\":\"Organization\",\"@id\":\"https:\\\/\\\/3dvisions.ch\\\/en\\\/#organization\",\"name\":\"3D Visions Designs\",\"alternateName\":\"3D Vision\",\"url\":\"https:\\\/\\\/3dvisions.ch\\\/en\\\/\",\"logo\":{\"@type\":\"ImageObject\",\"inLanguage\":\"en-US\",\"@id\":\"https:\\\/\\\/3dvisions.ch\\\/en\\\/#\\\/schema\\\/logo\\\/image\\\/\",\"url\":\"https:\\\/\\\/3dvisions.ch\\\/wp-content\\\/uploads\\\/2026\\\/02\\\/logo-3d-Vision-Web-1080-noir.webp\",\"contentUrl\":\"https:\\\/\\\/3dvisions.ch\\\/wp-content\\\/uploads\\\/2026\\\/02\\\/logo-3d-Vision-Web-1080-noir.webp\",\"width\":789,\"height\":213,\"caption\":\"3D Visions Designs\"},\"image\":{\"@id\":\"https:\\\/\\\/3dvisions.ch\\\/en\\\/#\\\/schema\\\/logo\\\/image\\\/\"},\"sameAs\":[\"https:\\\/\\\/www.facebook.com\\\/3dddvisions\\\/?modal=admin_todo_tour\",\"https:\\\/\\\/www.linkedin.com\\\/company\\\/3d-visions-designs\",\"https:\\\/\\\/www.instagram.com\\\/3dddvisionsinsta\\\/\",\"https:\\\/\\\/www.youtube.com\\\/@3dvisionsdesigns\",\"https:\\\/\\\/sketchfab.com\\\/3DVisionsDesigns\"],\"description\":\"3D Visions Designs S\u00e0rl est une entreprise sp\u00e9cialis\u00e9e dans les relev\u00e9s topographiques 3D de pr\u00e9cision, la photogramm\u00e9trie a\u00e9rienne et terrestre par drone, la mod\u00e9lisation 3D de b\u00e2timents, d\u2019ouvrages d\u2019art, de terrains et d\u2019objets, le scanning laser 3D, les inspections a\u00e9riennes, l'imagerie thermique, la vectorisation de plans 2D et 3D pour l\u2019architecture et la construction ainsi que la mod\u00e9lisation 3D BIM aux normes IFC, la prise de vue photo et vid\u00e9o a\u00e9riennes par drones professionnels, la fabrication de maquettes d'urbanismes et d'architecture et l'impression 3D Couleur. Nous sommes actifs partout en Suisse et en Europe.\",\"email\":\"info@3dvisions.ch\",\"telephone\":\"+41792796442\",\"legalName\":\"3D Visions Designs S\u00e0rl\",\"foundingDate\":\"2022-02-17\",\"vatID\":\"CHE-163.963.784\",\"numberOfEmployees\":{\"@type\":\"QuantitativeValue\",\"minValue\":\"1\",\"maxValue\":\"10\"}}]}<\/script>\n<!-- \/ Yoast SEO Premium plugin. -->","yoast_head_json":{"title":"Urban Planning and Architectural Models","description":"Urban planning, architectural, engineering structure, and monument models. Produced with color 3D printing.","robots":{"index":"index","follow":"follow","max-snippet":"max-snippet:-1","max-image-preview":"max-image-preview:large","max-video-preview":"max-video-preview:-1"},"canonical":"https:\/\/3dvisions.ch\/en\/model-making\/","og_locale":"en_US","og_type":"article","og_title":"Model Making","og_description":"Urban planning, architectural, engineering structure, and monument models. Produced with color 3D printing.","og_url":"https:\/\/3dvisions.ch\/en\/model-making\/","og_site_name":"3D Visions Designs S\u00e0rl","article_publisher":"https:\/\/www.facebook.com\/3dddvisions\/?modal=admin_todo_tour","article_modified_time":"2026-01-29T17:47:51+00:00","og_image":[{"width":789,"height":213,"url":"https:\/\/3dvisions.ch\/wp-content\/uploads\/2026\/02\/logo-3d-Vision-Web-1080-noir.webp","type":"image\/webp"}],"twitter_card":"summary_large_image","twitter_misc":{"Est. reading time":"4 minutes"},"schema":{"@context":"https:\/\/schema.org","@graph":[{"@type":"WebPage","@id":"https:\/\/3dvisions.ch\/en\/model-making\/","url":"https:\/\/3dvisions.ch\/en\/model-making\/","name":"Urban Planning and Architectural Models","isPartOf":{"@id":"https:\/\/3dvisions.ch\/en\/#website"},"datePublished":"2022-11-04T15:02:12+00:00","dateModified":"2026-01-29T17:47:51+00:00","description":"Urban planning, architectural, engineering structure, and monument models. Produced with color 3D printing.","breadcrumb":{"@id":"https:\/\/3dvisions.ch\/en\/model-making\/#breadcrumb"},"inLanguage":"en-US","potentialAction":[{"@type":"ReadAction","target":["https:\/\/3dvisions.ch\/en\/model-making\/"]}]},{"@type":"BreadcrumbList","@id":"https:\/\/3dvisions.ch\/en\/model-making\/#breadcrumb","itemListElement":[{"@type":"ListItem","position":1,"name":"Accueil","item":"https:\/\/3dvisions.ch\/en\/home\/"},{"@type":"ListItem","position":2,"name":"Model Making"}]},{"@type":"WebSite","@id":"https:\/\/3dvisions.ch\/en\/#website","url":"https:\/\/3dvisions.ch\/en\/","name":"3D Visions Designs","description":"Relev\u00e9s de pr\u00e9cision par drone et scanner laser, mod\u00e9lisation 3D pour l&#039;architecture, l&#039;ing\u00e9nierie, l&#039;urbanisme et les monuments historiques.","publisher":{"@id":"https:\/\/3dvisions.ch\/en\/#organization"},"alternateName":"3D Vision","potentialAction":[{"@type":"SearchAction","target":{"@type":"EntryPoint","urlTemplate":"https:\/\/3dvisions.ch\/en\/?s={search_term_string}"},"query-input":{"@type":"PropertyValueSpecification","valueRequired":true,"valueName":"search_term_string"}}],"inLanguage":"en-US"},{"@type":"Organization","@id":"https:\/\/3dvisions.ch\/en\/#organization","name":"3D Visions Designs","alternateName":"3D Vision","url":"https:\/\/3dvisions.ch\/en\/","logo":{"@type":"ImageObject","inLanguage":"en-US","@id":"https:\/\/3dvisions.ch\/en\/#\/schema\/logo\/image\/","url":"https:\/\/3dvisions.ch\/wp-content\/uploads\/2026\/02\/logo-3d-Vision-Web-1080-noir.webp","contentUrl":"https:\/\/3dvisions.ch\/wp-content\/uploads\/2026\/02\/logo-3d-Vision-Web-1080-noir.webp","width":789,"height":213,"caption":"3D Visions Designs"},"image":{"@id":"https:\/\/3dvisions.ch\/en\/#\/schema\/logo\/image\/"},"sameAs":["https:\/\/www.facebook.com\/3dddvisions\/?modal=admin_todo_tour","https:\/\/www.linkedin.com\/company\/3d-visions-designs","https:\/\/www.instagram.com\/3dddvisionsinsta\/","https:\/\/www.youtube.com\/@3dvisionsdesigns","https:\/\/sketchfab.com\/3DVisionsDesigns"],"description":"3D Visions Designs S\u00e0rl est une entreprise sp\u00e9cialis\u00e9e dans les relev\u00e9s topographiques 3D de pr\u00e9cision, la photogramm\u00e9trie a\u00e9rienne et terrestre par drone, la mod\u00e9lisation 3D de b\u00e2timents, d\u2019ouvrages d\u2019art, de terrains et d\u2019objets, le scanning laser 3D, les inspections a\u00e9riennes, l'imagerie thermique, la vectorisation de plans 2D et 3D pour l\u2019architecture et la construction ainsi que la mod\u00e9lisation 3D BIM aux normes IFC, la prise de vue photo et vid\u00e9o a\u00e9riennes par drones professionnels, la fabrication de maquettes d'urbanismes et d'architecture et l'impression 3D Couleur. Nous sommes actifs partout en Suisse et en Europe.","email":"info@3dvisions.ch","telephone":"+41792796442","legalName":"3D Visions Designs S\u00e0rl","foundingDate":"2022-02-17","vatID":"CHE-163.963.784","numberOfEmployees":{"@type":"QuantitativeValue","minValue":"1","maxValue":"10"}}]}},"_links":{"self":[{"href":"https:\/\/3dvisions.ch\/en\/wp-json\/wp\/v2\/pages\/33420","targetHints":{"allow":["GET"]}}],"collection":[{"href":"https:\/\/3dvisions.ch\/en\/wp-json\/wp\/v2\/pages"}],"about":[{"href":"https:\/\/3dvisions.ch\/en\/wp-json\/wp\/v2\/types\/page"}],"author":[{"embeddable":true,"href":"https:\/\/3dvisions.ch\/en\/wp-json\/wp\/v2\/users\/3"}],"replies":[{"embeddable":true,"href":"https:\/\/3dvisions.ch\/en\/wp-json\/wp\/v2\/comments?post=33420"}],"version-history":[{"count":0,"href":"https:\/\/3dvisions.ch\/en\/wp-json\/wp\/v2\/pages\/33420\/revisions"}],"wp:attachment":[{"href":"https:\/\/3dvisions.ch\/en\/wp-json\/wp\/v2\/media?parent=33420"}],"curies":[{"name":"wp","href":"https:\/\/api.w.org\/{rel}","templated":true}]}}